{"id":667,"date":"2024-07-12T13:10:15","date_gmt":"2024-07-12T13:10:15","guid":{"rendered":"https:\/\/barbe-original-jeep.fr\/the-t84-box\/"},"modified":"2025-04-03T16:33:08","modified_gmt":"2025-04-03T16:33:08","slug":"the-t84-box","status":"publish","type":"page","link":"https:\/\/barbe-original-jeep.fr\/en\/the-t84-box\/","title":{"rendered":"The T84 box"},"content":{"rendered":"\t\t<div data-elementor-type=\"wp-page\" data-elementor-id=\"667\" class=\"elementor elementor-667 elementor-79\" data-elementor-post-type=\"page\">\n\t\t\t\t<div class=\"elementor-element elementor-element-53542384 e-con-full e-flex e-con e-parent\" data-id=\"53542384\" data-element_type=\"container\" data-e-type=\"container\" data-settings=\"{&quot;background_background&quot;:&quot;classic&quot;,&quot;jet_parallax_layout_list&quot;:[]}\">\n\t\t<div class=\"elementor-element elementor-element-a513a60 e-con-full e-flex e-con e-child\" data-id=\"a513a60\" data-element_type=\"container\" data-e-type=\"container\" data-settings=\"{&quot;jet_parallax_layout_list&quot;:[]}\">\n\t\t<div data-dce-background-image-url=\"https:\/\/barbe-original-jeep.fr\/wp-content\/uploads\/2024\/11\/IMGL9858-scaled-e1732887751356.jpg\" class=\"elementor-element elementor-element-533409bd animated-slow e-con-full e-flex elementor-invisible e-con e-child\" data-id=\"533409bd\" data-element_type=\"container\" data-e-type=\"container\" data-settings=\"{&quot;background_background&quot;:&quot;classic&quot;,&quot;animation&quot;:&quot;fadeInUp&quot;,&quot;animation_delay&quot;:600,&quot;jet_parallax_layout_list&quot;:[]}\">\n\t\t\t\t<div data-dce-advanced-background-color=\"#FFFFFF96\" class=\"elementor-element elementor-element-7f7f4895 animated-slow elementor-invisible elementor-widget elementor-widget-heading\" data-id=\"7f7f4895\" data-element_type=\"widget\" data-e-type=\"widget\" data-settings=\"{&quot;_animation&quot;:&quot;slideInUp&quot;}\" data-widget_type=\"heading.default\">\n\t\t\t\t\t<h2 class=\"elementor-heading-title elementor-size-default\">The T84 box<\/h2>\t\t\t\t<\/div>\n\t\t\t\t<\/div>\n\t\t\t\t<\/div>\n\t\t\t\t<\/div>\n\t\t<div data-dce-background-color=\"#FFFFFF\" class=\"elementor-element elementor-element-3cf20709 e-con-full e-flex e-con e-parent\" data-id=\"3cf20709\" data-element_type=\"container\" data-e-type=\"container\" data-settings=\"{&quot;background_background&quot;:&quot;classic&quot;,&quot;jet_parallax_layout_list&quot;:[]}\">\n\t\t<div data-dce-background-image-url=\"https:\/\/barbe-original-jeep.fr\/wp-content\/uploads\/2024\/11\/IMGL9767.jpg\" class=\"elementor-element elementor-element-1e87b5a8 e-con-full e-flex e-con e-child\" data-id=\"1e87b5a8\" data-element_type=\"container\" data-e-type=\"container\" data-settings=\"{&quot;background_background&quot;:&quot;classic&quot;,&quot;jet_parallax_layout_list&quot;:[]}\">\n\t\t\t\t<div class=\"elementor-element elementor-element-75a9778c animated-slow elementor-invisible elementor-widget elementor-widget-heading\" data-id=\"75a9778c\" data-element_type=\"widget\" data-e-type=\"widget\" data-settings=\"{&quot;_animation&quot;:&quot;slideInUp&quot;}\" data-widget_type=\"heading.default\">\n\t\t\t\t\t<h2 class=\"elementor-heading-title elementor-size-default\">Box T84<\/h2>\t\t\t\t<\/div>\n\t\t\t\t<\/div>\n\t\t<div class=\"elementor-element elementor-element-466d5fa5 e-con-full e-flex e-con e-child\" data-id=\"466d5fa5\" data-element_type=\"container\" data-e-type=\"container\" data-settings=\"{&quot;jet_parallax_layout_list&quot;:[]}\">\n\t\t<div class=\"elementor-element elementor-element-1d95e29e e-con-full e-flex e-con e-child\" data-id=\"1d95e29e\" data-element_type=\"container\" data-e-type=\"container\" data-settings=\"{&quot;jet_parallax_layout_list&quot;:[]}\">\n\t\t\t\t<div class=\"elementor-element elementor-element-10fc93f8 elementor-widget__width-initial elementor-widget-mobile__width-initial elementor-widget elementor-widget-icon-box\" data-id=\"10fc93f8\" data-element_type=\"widget\" data-e-type=\"widget\" data-widget_type=\"icon-box.default\">\n\t\t\t\t\t\t\t<div class=\"elementor-icon-box-wrapper\">\n\n\t\t\t\n\t\t\t\t\t\t<div class=\"elementor-icon-box-content\">\n\n\t\t\t\t\n\t\t\t\t\t\t\t\t\t<p class=\"elementor-icon-box-description\">\n\t\t\t\t\t\tIntroduced in the 1940s, the T84 gearbox equipped the legendary Jeep Willys MB and Ford GPW during the Second World War.  <br>The design of this vehicle has overcome the most difficult terrain, consolidating Jeep's reputation as a symbol of durability and performance.  <br>The T84 is a 3-speed manual gearbox designed specifically for the Jeep Willys MB, Ford GPW and Hotchkiss M201 models.  <br>This gearbox is the Jeep's main weak point.  <br><br>Today, the T84 remains a key element for collectors and restorers wishing to preserve the historical integrity of their vehicles.\t\t\t\t\t<\/p>\n\t\t\t\t\n\t\t\t<\/div>\n\t\t\t\n\t\t<\/div>\n\t\t\t\t\t\t<\/div>\n\t\t\t\t<\/div>\n\t\t\t\t<\/div>\n\t\t\t\t<\/div>\n\t\t<div class=\"elementor-element elementor-element-fc5de1d e-flex e-con-boxed e-con e-parent\" data-id=\"fc5de1d\" data-element_type=\"container\" data-e-type=\"container\" data-settings=\"{&quot;jet_parallax_layout_list&quot;:[]}\">\n\t\t\t\t\t<div class=\"e-con-inner\">\n\t\t<div class=\"elementor-element elementor-element-fbfd3db e-con-full e-flex e-con e-child\" data-id=\"fbfd3db\" data-element_type=\"container\" data-e-type=\"container\" data-settings=\"{&quot;jet_parallax_layout_list&quot;:[]}\">\n\t\t\t\t<div class=\"elementor-element elementor-element-91741dd elementor-widget elementor-widget-text-editor\" data-id=\"91741dd\" data-element_type=\"widget\" data-e-type=\"widget\" data-widget_type=\"text-editor.default\">\n\t\t\t\t\t\t\t\t\t<p><strong>The T84 &#8220;Barb\u00e9&#8221; kit<\/strong><\/p><p>The T84 Barb\u00e9 kit is an essential part for classic Jeep enthusiasts. True to original specifications, it&#8217;s essential for restoring your vehicle while preserving its historic authenticity. Its robust, reliable design has proved its worth over the decades, making the T84 Barb\u00e9 kit an essential choice for bringing your Jeep back to life.  <\/p>\t\t\t\t\t\t\t\t<\/div>\n\t\t\t\t<\/div>\n\t\t<div class=\"elementor-element elementor-element-159da2d e-con-full e-flex e-con e-child\" data-id=\"159da2d\" data-element_type=\"container\" data-e-type=\"container\" data-settings=\"{&quot;jet_parallax_layout_list&quot;:[]}\">\n\t\t\t\t<div class=\"elementor-element elementor-element-3dd1eb8 elementor-widget elementor-widget-text-editor\" data-id=\"3dd1eb8\" data-element_type=\"widget\" data-e-type=\"widget\" data-widget_type=\"text-editor.default\">\n\t\t\t\t\t\t\t\t\t<p><strong>Technical specifications of the &#8220;Barb\u00e9&#8221; kit<br><\/strong><\/p><p>Made from high-quality materials, it ensures long life and optimum performance. Its design faithfully respects the original specifications, guaranteeing perfect integration without the need for major vehicle modifications. <\/p>\t\t\t\t\t\t\t\t<\/div>\n\t\t\t\t<\/div>\n\t\t\t\t\t<\/div>\n\t\t\t\t<\/div>\n\t\t<div class=\"elementor-element elementor-element-8382a5b e-flex e-con-boxed e-con e-parent\" data-id=\"8382a5b\" data-element_type=\"container\" data-e-type=\"container\" data-settings=\"{&quot;jet_parallax_layout_list&quot;:[]}\">\n\t\t\t\t\t<div class=\"e-con-inner\">\n\t\t<div class=\"elementor-element elementor-element-9bde076 e-con-full e-flex e-con e-child\" data-id=\"9bde076\" data-element_type=\"container\" data-e-type=\"container\" data-settings=\"{&quot;jet_parallax_layout_list&quot;:[]}\">\n\t\t\t\t<div class=\"elementor-element elementor-element-13f13c6 elementor-widget elementor-widget-text-editor\" data-id=\"13f13c6\" data-element_type=\"widget\" data-e-type=\"widget\" data-widget_type=\"text-editor.default\">\n\t\t\t\t\t\t\t\t\t<p><strong>The advantages of the &#8220;Barb\u00e9&#8221; kit  <br><\/strong><\/p><p>The &#8220;Barb\u00e9&#8221; kit offers several notable improvements. It uses modern manufacturing methods while retaining the classic design, ensuring superior quality. It offers optimized performance with smoother gear changes and improved responsiveness. Its durability is enhanced by advanced manufacturing processes, making it more robust against wear and tear. What&#8217;s more, it&#8217;s designed for easy installation, fitting seamlessly into your crankcase.    <\/p>\t\t\t\t\t\t\t\t<\/div>\n\t\t\t\t<\/div>\n\t\t<div class=\"elementor-element elementor-element-991a01c e-con-full e-flex e-con e-child\" data-id=\"991a01c\" data-element_type=\"container\" data-e-type=\"container\" data-settings=\"{&quot;jet_parallax_layout_list&quot;:[]}\">\n\t\t\t\t<div class=\"elementor-element elementor-element-807fe11 elementor-widget elementor-widget-text-editor\" data-id=\"807fe11\" data-element_type=\"widget\" data-e-type=\"widget\" data-widget_type=\"text-editor.default\">\n\t\t\t\t\t\t\t\t\t<p><strong>The importance of replacing your kit<\/strong><\/p><p>Replacing all your worn sprockets with the Barb\u00e9 kit has many advantages. A worn gearbox can lead to driving problems and potential risks. As the kit has been perfected, while remaining true to its original features, you maintain the value and authenticity of your vehicle. Finally, a high-quality gearbox reduces the risk of breakdowns and long-term maintenance costs, giving you appreciable peace of mind.   <\/p>\t\t\t\t\t\t\t\t<\/div>\n\t\t\t\t<\/div>\n\t\t\t\t\t<\/div>\n\t\t\t\t<\/div>\n\t\t<div class=\"elementor-element elementor-element-9113983 e-flex e-con-boxed e-con e-parent\" data-id=\"9113983\" data-element_type=\"container\" data-e-type=\"container\" data-settings=\"{&quot;jet_parallax_layout_list&quot;:[]}\">\n\t\t\t\t\t<div class=\"e-con-inner\">\n\t\t\t\t<div class=\"elementor-element elementor-element-433ee6f elementor-widget elementor-widget-text-editor\" data-id=\"433ee6f\" data-element_type=\"widget\" data-e-type=\"widget\" data-widget_type=\"text-editor.default\">\n\t\t\t\t\t\t\t\t\t<p><strong>Why choose the T84 &#8220;Barb\u00e9&#8221; kit<\/strong><\/p><p>Opting for the T84 &#8220;Barb\u00e9&#8221; kit means choosing authenticity and quality. It&#8217;s faithful to original specifications, essential for a perfect restoration. Manufactured by gearbox specialists, it benefits from recognized expertise. We offer full support with installation and maintenance assistance and advice. What&#8217;s more, every product comes with a warranty, ensuring quality and satisfaction.    <\/p>\t\t\t\t\t\t\t\t<\/div>\n\t\t\t\t\t<\/div>\n\t\t\t\t<\/div>\n\t\t<div class=\"elementor-element elementor-element-2519926 e-flex e-con-boxed e-con e-parent\" data-id=\"2519926\" data-element_type=\"container\" data-e-type=\"container\" data-settings=\"{&quot;jet_parallax_layout_list&quot;:[],&quot;background_background&quot;:&quot;classic&quot;}\">\n\t\t\t\t\t<div class=\"e-con-inner\">\n\t\t\t\t<div class=\"elementor-element elementor-element-cb958a6 elementor-widget elementor-widget-text-editor\" data-id=\"cb958a6\" data-element_type=\"widget\" data-e-type=\"widget\" data-widget_type=\"text-editor.default\">\n\t\t\t\t\t\t\t\t\t<p>Investing in the &#8220;Barb\u00e9&#8221; kit is the ideal choice for bringing your Jeep back to life.<\/p><p>You combine quality, reliability and respect for the vehicle with a part that makes all the difference.<\/p><p>Don&#8217;t let a gearbox spoil your driving experience.<\/p><p>Give your Jeep the quality it deserves and rediscover the authentic pleasure of driving.<\/p>\t\t\t\t\t\t\t\t<\/div>\n\t\t\t\t\t<\/div>\n\t\t\t\t<\/div>\n\t\t<div class=\"elementor-element elementor-element-bdc907b e-con-full e-flex e-con e-parent\" data-id=\"bdc907b\" data-element_type=\"container\" data-e-type=\"container\" data-settings=\"{&quot;jet_parallax_layout_list&quot;:[]}\">\n\t\t\t\t<div class=\"elementor-element elementor-element-338c31e elementor-widget elementor-widget-gallery\" data-id=\"338c31e\" data-element_type=\"widget\" data-e-type=\"widget\" data-settings=\"{&quot;columns&quot;:5,&quot;aspect_ratio&quot;:&quot;4:3&quot;,&quot;columns_tablet&quot;:5,&quot;lazyload&quot;:&quot;yes&quot;,&quot;gallery_layout&quot;:&quot;grid&quot;,&quot;columns_mobile&quot;:1,&quot;gap&quot;:{&quot;unit&quot;:&quot;px&quot;,&quot;size&quot;:10,&quot;sizes&quot;:[]},&quot;gap_tablet&quot;:{&quot;unit&quot;:&quot;px&quot;,&quot;size&quot;:10,&quot;sizes&quot;:[]},&quot;gap_mobile&quot;:{&quot;unit&quot;:&quot;px&quot;,&quot;size&quot;:10,&quot;sizes&quot;:[]},&quot;overlay_background&quot;:&quot;yes&quot;,&quot;content_hover_animation&quot;:&quot;fade-in&quot;}\" data-widget_type=\"gallery.default\">\n\t\t\t\t\t\t\t<div class=\"elementor-gallery__container\">\n\t\t\t\t\t\t\t<div class=\"e-gallery-item elementor-gallery-item elementor-animated-content\">\n\t\t\t\t\t<div class=\"e-gallery-image elementor-gallery-item__image\" data-thumbnail=\"https:\/\/barbe-original-jeep.fr\/wp-content\/uploads\/2024\/11\/IMGL9785-1024x683.jpg\" data-width=\"800\" data-height=\"534\" aria-label=\"\" role=\"img\" ><\/div>\n\t\t\t\t\t\t\t\t\t\t\t<div class=\"elementor-gallery-item__overlay\"><\/div>\n\t\t\t\t\t\t\t\t\t\t\t\t\t\t<\/div>\n\t\t\t\t\t\t\t<div class=\"e-gallery-item elementor-gallery-item elementor-animated-content\">\n\t\t\t\t\t<div class=\"e-gallery-image elementor-gallery-item__image\" data-thumbnail=\"https:\/\/barbe-original-jeep.fr\/wp-content\/uploads\/2024\/11\/IMGL9789-1024x768.jpg\" data-width=\"800\" data-height=\"600\" aria-label=\"\" role=\"img\" ><\/div>\n\t\t\t\t\t\t\t\t\t\t\t<div class=\"elementor-gallery-item__overlay\"><\/div>\n\t\t\t\t\t\t\t\t\t\t\t\t\t\t<\/div>\n\t\t\t\t\t\t\t<div class=\"e-gallery-item elementor-gallery-item elementor-animated-content\">\n\t\t\t\t\t<div class=\"e-gallery-image elementor-gallery-item__image\" data-thumbnail=\"https:\/\/barbe-original-jeep.fr\/wp-content\/uploads\/2025\/02\/IMGL9878-1024x776.png\" data-width=\"800\" data-height=\"606\" aria-label=\"\" role=\"img\" ><\/div>\n\t\t\t\t\t\t\t\t\t\t\t<div class=\"elementor-gallery-item__overlay\"><\/div>\n\t\t\t\t\t\t\t\t\t\t\t\t\t\t<\/div>\n\t\t\t\t\t\t\t<div class=\"e-gallery-item elementor-gallery-item elementor-animated-content\">\n\t\t\t\t\t<div class=\"e-gallery-image elementor-gallery-item__image\" data-thumbnail=\"https:\/\/barbe-original-jeep.fr\/wp-content\/uploads\/2024\/11\/IMGL9790-1024x768.jpg\" data-width=\"800\" data-height=\"600\" aria-label=\"\" role=\"img\" ><\/div>\n\t\t\t\t\t\t\t\t\t\t\t<div class=\"elementor-gallery-item__overlay\"><\/div>\n\t\t\t\t\t\t\t\t\t\t\t\t\t\t<\/div>\n\t\t\t\t\t\t\t<div class=\"e-gallery-item elementor-gallery-item elementor-animated-content\">\n\t\t\t\t\t<div class=\"e-gallery-image elementor-gallery-item__image\" data-thumbnail=\"https:\/\/barbe-original-jeep.fr\/wp-content\/uploads\/2024\/11\/IMGL9798-1024x768.jpg\" data-width=\"800\" data-height=\"600\" aria-label=\"\" role=\"img\" ><\/div>\n\t\t\t\t\t\t\t\t\t\t\t<div class=\"elementor-gallery-item__overlay\"><\/div>\n\t\t\t\t\t\t\t\t\t\t\t\t\t\t<\/div>\n\t\t\t\t\t<\/div>\n\t\t\t\t\t<\/div>\n\t\t\t\t<\/div>\n\t\t<div class=\"elementor-element elementor-element-479ab951 e-flex e-con-boxed e-con e-parent\" data-id=\"479ab951\" data-element_type=\"container\" data-e-type=\"container\" data-settings=\"{&quot;background_background&quot;:&quot;classic&quot;,&quot;jet_parallax_layout_list&quot;:[]}\">\n\t\t\t\t\t<div class=\"e-con-inner\">\n\t\t<div class=\"elementor-element elementor-element-4617923a e-flex e-con-boxed e-con e-child\" data-id=\"4617923a\" data-element_type=\"container\" data-e-type=\"container\" data-settings=\"{&quot;jet_parallax_layout_list&quot;:[]}\">\n\t\t\t\t\t<div class=\"e-con-inner\">\n\t\t<div class=\"elementor-element elementor-element-153efe15 e-con-full e-flex e-con e-child\" data-id=\"153efe15\" data-element_type=\"container\" data-e-type=\"container\" data-settings=\"{&quot;jet_parallax_layout_list&quot;:[]}\">\n\t\t\t\t<div class=\"elementor-element elementor-element-7ed7a848 animated-slow elementor-invisible elementor-widget elementor-widget-heading\" data-id=\"7ed7a848\" data-element_type=\"widget\" data-e-type=\"widget\" data-settings=\"{&quot;_animation&quot;:&quot;slideInUp&quot;}\" data-widget_type=\"heading.default\">\n\t\t\t\t\t<h2 class=\"elementor-heading-title elementor-size-default\">You wish to<\/h2>\t\t\t\t<\/div>\n\t\t\t\t<div class=\"elementor-element elementor-element-26aee629 animated-slow elementor-invisible elementor-widget elementor-widget-heading\" data-id=\"26aee629\" data-element_type=\"widget\" data-e-type=\"widget\" data-settings=\"{&quot;_animation&quot;:&quot;slideInUp&quot;}\" data-widget_type=\"heading.default\">\n\t\t\t\t\t<h2 class=\"elementor-heading-title elementor-size-default\">Buy a kit?<\/h2>\t\t\t\t<\/div>\n\t\t\t\t<div class=\"elementor-element elementor-element-1dcc26f2 elementor-widget elementor-widget-text-editor\" data-id=\"1dcc26f2\" data-element_type=\"widget\" data-e-type=\"widget\" data-widget_type=\"text-editor.default\">\n\t\t\t\t\t\t\t\t\t<p>or assembly information?<\/p>\t\t\t\t\t\t\t\t<\/div>\n\t\t\t\t<div data-dce-background-color=\"#911913\" class=\"elementor-element elementor-element-fb04706 elementor-widget elementor-widget-button\" data-id=\"fb04706\" data-element_type=\"widget\" data-e-type=\"widget\" data-widget_type=\"button.default\">\n\t\t\t\t\t\t\t\t\t\t<a class=\"elementor-button elementor-button-link elementor-size-sm\" href=\"https:\/\/barbe-original-jeep.fr\/contact\/\">\n\t\t\t\t\t\t<span class=\"elementor-button-content-wrapper\">\n\t\t\t\t\t\t\t\t\t<span class=\"elementor-button-text\">Contact us!<\/span>\n\t\t\t\t\t<\/span>\n\t\t\t\t\t<\/a>\n\t\t\t\t\t\t\t\t<\/div>\n\t\t\t\t<\/div>\n\t\t\t\t\t<\/div>\n\t\t\t\t<\/div>\n\t\t\t\t\t<\/div>\n\t\t\t\t<\/div>\n\t\t\t\t<\/div>\n\t\t","protected":false},"excerpt":{"rendered":"<p>Box T84 Introduced in the 1940s, the T84 gearbox equipped the legendary Jeep Willys MB and Ford GPW during the Second World War. The design of this vehicle has overcome the most difficult terrain, consolidating Jeep&#8217;s reputation as a symbol of durability and performance. The T84 is a 3-speed manual gearbox designed specifically for the [&hellip;]<\/p>\n","protected":false},"author":1,"featured_media":0,"parent":0,"menu_order":0,"comment_status":"closed","ping_status":"closed","template":"","meta":{"_acf_changed":false,"footnotes":""},"class_list":["post-667","page","type-page","status-publish","hentry"],"acf":[],"yoast_head":"<!-- This site is optimized with the Yoast SEO plugin v27.2 - https:\/\/yoast.com\/product\/yoast-seo-wordpress\/ -->\n<title>The T84 box Barb\u00e9 | Boite de vitesses for Jeep<\/title>\n<meta name=\"description\" content=\"Discover the features of our T84 Barb\u00e9 gearbox for your JEEP vehicle. Order your T84 Barb\u00e9 kit\" \/>\n<meta name=\"robots\" content=\"index, follow, max-snippet:-1, max-image-preview:large, max-video-preview:-1\" \/>\n<link rel=\"canonical\" href=\"https:\/\/barbe-original-jeep.fr\/en\/the-t84-box\/\" \/>\n<meta property=\"og:locale\" content=\"en_US\" \/>\n<meta property=\"og:type\" content=\"article\" \/>\n<meta property=\"og:title\" content=\"The T84 box Barb\u00e9 | Boite de vitesses for Jeep\" \/>\n<meta property=\"og:description\" content=\"Discover the features of our T84 Barb\u00e9 gearbox for your JEEP vehicle. Order your T84 Barb\u00e9 kit\" \/>\n<meta property=\"og:url\" content=\"https:\/\/barbe-original-jeep.fr\/en\/the-t84-box\/\" \/>\n<meta property=\"og:site_name\" content=\"Boite de vitesses\" \/>\n<meta property=\"article:modified_time\" content=\"2025-04-03T16:33:08+00:00\" \/>\n<meta name=\"twitter:card\" content=\"summary_large_image\" \/>\n<meta name=\"twitter:label1\" content=\"Est. reading time\" \/>\n\t<meta name=\"twitter:data1\" content=\"2 minutes\" \/>\n<!-- \/ Yoast SEO plugin. -->","yoast_head_json":{"title":"The T84 box Barb\u00e9 | Boite de vitesses for Jeep","description":"Discover the features of our T84 Barb\u00e9 gearbox for your JEEP vehicle. Order your T84 Barb\u00e9 kit","robots":{"index":"index","follow":"follow","max-snippet":"max-snippet:-1","max-image-preview":"max-image-preview:large","max-video-preview":"max-video-preview:-1"},"canonical":"https:\/\/barbe-original-jeep.fr\/en\/the-t84-box\/","og_locale":"en_US","og_type":"article","og_title":"The T84 box Barb\u00e9 | Boite de vitesses for Jeep","og_description":"Discover the features of our T84 Barb\u00e9 gearbox for your JEEP vehicle. Order your T84 Barb\u00e9 kit","og_url":"https:\/\/barbe-original-jeep.fr\/en\/the-t84-box\/","og_site_name":"Boite de vitesses","article_modified_time":"2025-04-03T16:33:08+00:00","twitter_card":"summary_large_image","twitter_misc":{"Est. reading time":"2 minutes"},"schema":{"@context":"https:\/\/schema.org","@graph":[{"@type":"WebPage","@id":"https:\/\/barbe-original-jeep.fr\/en\/the-t84-box\/","url":"https:\/\/barbe-original-jeep.fr\/en\/the-t84-box\/","name":"The T84 box Barb\u00e9 | Boite de vitesses for Jeep","isPartOf":{"@id":"https:\/\/barbe-original-jeep.fr\/en\/#website"},"datePublished":"2024-07-12T13:10:15+00:00","dateModified":"2025-04-03T16:33:08+00:00","description":"Discover the features of our T84 Barb\u00e9 gearbox for your JEEP vehicle. Order your T84 Barb\u00e9 kit","breadcrumb":{"@id":"https:\/\/barbe-original-jeep.fr\/en\/the-t84-box\/#breadcrumb"},"inLanguage":"en-US","potentialAction":[{"@type":"ReadAction","target":["https:\/\/barbe-original-jeep.fr\/en\/the-t84-box\/"]}]},{"@type":"BreadcrumbList","@id":"https:\/\/barbe-original-jeep.fr\/en\/the-t84-box\/#breadcrumb","itemListElement":[{"@type":"ListItem","position":1,"name":"Accueil","item":"https:\/\/barbe-original-jeep.fr\/en\/original-bearded-jeep\/"},{"@type":"ListItem","position":2,"name":"The T84 box"}]},{"@type":"WebSite","@id":"https:\/\/barbe-original-jeep.fr\/en\/#website","url":"https:\/\/barbe-original-jeep.fr\/en\/","name":"Barbe originla Jeep","description":"","publisher":{"@id":"https:\/\/barbe-original-jeep.fr\/en\/#organization"},"alternateName":"Boiute de vitesse Jeep","potentialAction":[{"@type":"SearchAction","target":{"@type":"EntryPoint","urlTemplate":"https:\/\/barbe-original-jeep.fr\/en\/?s={search_term_string}"},"query-input":{"@type":"PropertyValueSpecification","valueRequired":true,"valueName":"search_term_string"}}],"inLanguage":"en-US"},{"@type":"Organization","@id":"https:\/\/barbe-original-jeep.fr\/en\/#organization","name":"Barbe originla Jeep","url":"https:\/\/barbe-original-jeep.fr\/en\/","logo":{"@type":"ImageObject","inLanguage":"en-US","@id":"https:\/\/barbe-original-jeep.fr\/en\/#\/schema\/logo\/image\/","url":"https:\/\/barbe-original-jeep.fr\/wp-content\/uploads\/2024\/06\/logo-barbebybarbe_web2.png","contentUrl":"https:\/\/barbe-original-jeep.fr\/wp-content\/uploads\/2024\/06\/logo-barbebybarbe_web2.png","width":723,"height":310,"caption":"Barbe originla Jeep"},"image":{"@id":"https:\/\/barbe-original-jeep.fr\/en\/#\/schema\/logo\/image\/"}}]}},"_links":{"self":[{"href":"https:\/\/barbe-original-jeep.fr\/en\/wp-json\/wp\/v2\/pages\/667","targetHints":{"allow":["GET"]}}],"collection":[{"href":"https:\/\/barbe-original-jeep.fr\/en\/wp-json\/wp\/v2\/pages"}],"about":[{"href":"https:\/\/barbe-original-jeep.fr\/en\/wp-json\/wp\/v2\/types\/page"}],"author":[{"embeddable":true,"href":"https:\/\/barbe-original-jeep.fr\/en\/wp-json\/wp\/v2\/users\/1"}],"replies":[{"embeddable":true,"href":"https:\/\/barbe-original-jeep.fr\/en\/wp-json\/wp\/v2\/comments?post=667"}],"version-history":[{"count":0,"href":"https:\/\/barbe-original-jeep.fr\/en\/wp-json\/wp\/v2\/pages\/667\/revisions"}],"wp:attachment":[{"href":"https:\/\/barbe-original-jeep.fr\/en\/wp-json\/wp\/v2\/media?parent=667"}],"curies":[{"name":"wp","href":"https:\/\/api.w.org\/{rel}","templated":true}]}}