{"id":661,"date":"2024-07-12T13:09:19","date_gmt":"2024-07-12T13:09:19","guid":{"rendered":"https:\/\/barbe-original-jeep.fr\/who-are-we\/"},"modified":"2025-04-03T16:30:33","modified_gmt":"2025-04-03T16:30:33","slug":"who-are-we","status":"publish","type":"page","link":"https:\/\/barbe-original-jeep.fr\/en\/who-are-we\/","title":{"rendered":"Who are we?"},"content":{"rendered":"\t\t<div data-elementor-type=\"wp-page\" data-elementor-id=\"661\" class=\"elementor elementor-661 elementor-77\" data-elementor-post-type=\"page\">\n\t\t\t\t<div class=\"elementor-element elementor-element-767187b9 e-con-full e-flex e-con e-parent\" data-id=\"767187b9\" data-element_type=\"container\" data-e-type=\"container\" data-settings=\"{&quot;jet_parallax_layout_list&quot;:[]}\">\n\t\t<div class=\"elementor-element elementor-element-62731fc e-con-full e-flex e-con e-child\" data-id=\"62731fc\" data-element_type=\"container\" data-e-type=\"container\" data-settings=\"{&quot;jet_parallax_layout_list&quot;:[]}\">\n\t\t\t\t<div class=\"elementor-element elementor-element-245a9484 elementor-widget elementor-widget-heading\" data-id=\"245a9484\" data-element_type=\"widget\" data-e-type=\"widget\" data-widget_type=\"heading.default\">\n\t\t\t\t\t<h1 class=\"elementor-heading-title elementor-size-default\">About us<\/h1>\t\t\t\t<\/div>\n\t\t\t\t<div class=\"elementor-element elementor-element-7c144255 elementor-widget elementor-widget-text-editor\" data-id=\"7c144255\" data-element_type=\"widget\" data-e-type=\"widget\" data-widget_type=\"text-editor.default\">\n\t\t\t\t\t\t\t\t\t<p>The history of the <strong>T84 gearbox<\/strong> is above all that of a passion for mechanics and authenticity, born of an observation shared by all enthusiasts of vintage Jeeps: the famous &#8220;jumping&#8221; second gear.<\/p><p>This &#8220;Achilles&#8217; heel&#8221; of the original boxes prompted <strong>Alfred Barb\u00e9<\/strong>, a talented mechanic with a passion for historic vehicles, to find a lasting, reliable solution.<\/p><p>It was in a <strong>B\u00e9arn<\/strong> garage in 1993 that the T84 box was born.<\/p><p>Here, <strong>Alfred Barb\u00e9<\/strong> develops a revolutionary high-strength steel sprocket kit, specially designed to eliminate this defect while respecting the original specifications of Jeep Willys MB and Ford GPW.<\/p><p>Made from top-quality materials, this kit has quickly won over restoration enthusiasts and collectors keen to preserve the history of their vehicles.<\/p>\t\t\t\t\t\t\t\t<\/div>\n\t\t\t\t<\/div>\n\t\t<div class=\"elementor-element elementor-element-7398baaa e-con-full e-flex e-con e-child\" data-id=\"7398baaa\" data-element_type=\"container\" data-e-type=\"container\" data-settings=\"{&quot;background_background&quot;:&quot;classic&quot;,&quot;jet_parallax_layout_list&quot;:[]}\">\n\t\t\t\t<div class=\"elementor-element elementor-element-3051bbae dce_masking-none elementor-widget elementor-widget-image\" data-id=\"3051bbae\" data-element_type=\"widget\" data-e-type=\"widget\" data-widget_type=\"image.default\">\n\t\t\t\t\t\t\t\t\t\t\t\t\t\t\t<img fetchpriority=\"high\" decoding=\"async\" width=\"800\" height=\"588\" src=\"https:\/\/barbe-original-jeep.fr\/wp-content\/uploads\/2024\/09\/Photo-Barbe-recadree.jpg\" class=\"attachment-large size-large wp-image-615\" alt=\"\" \/>\t\t\t\t\t\t\t\t\t\t\t\t\t\t\t<\/div>\n\t\t\t\t<\/div>\n\t\t\t\t<\/div>\n\t\t<div class=\"elementor-element elementor-element-5c22c49 e-flex e-con-boxed e-con e-parent\" data-id=\"5c22c49\" data-element_type=\"container\" data-e-type=\"container\" data-settings=\"{&quot;jet_parallax_layout_list&quot;:[]}\">\n\t\t\t\t\t<div class=\"e-con-inner\">\n\t\t\t\t<div class=\"elementor-element elementor-element-0e8cb56 elementor-widget elementor-widget-heading\" data-id=\"0e8cb56\" data-element_type=\"widget\" data-e-type=\"widget\" data-widget_type=\"heading.default\">\n\t\t\t\t\t<h2 class=\"elementor-heading-title elementor-size-default\">T84 box milestones<\/h2>\t\t\t\t<\/div>\n\t\t\t\t<div class=\"elementor-element elementor-element-954d948 elementor-widget elementor-widget-jet-timeline\" data-id=\"954d948\" data-element_type=\"widget\" data-e-type=\"widget\" data-widget_type=\"jet-timeline.default\">\n\t\t\t\t<div class=\"elementor-widget-container\">\n\t\t\t\t\t<div class=\"elementor-jet-timeline jet-elements\"><div class=\"jet-timeline jet-timeline--align-center jet-timeline--align-middle\">\n\t<div class=\"jet-timeline__line\"><div class=\"jet-timeline__line-progress\"><\/div><\/div>\n\t<div class=\"jet-timeline-list\"><div class=\"jet-timeline-item  elementor-repeater-item-a5fbf34 jet-timeline-item--image-inside\">\n\t<div class=\"timeline-item__card\">\n\t\t<div class=\"timeline-item__card-inner\">\n\t\t\t\t\t\t\t\t<div class=\"timeline-item__card-content\">\n\t\t\t\t\t<div class=\"timeline-item__meta\"><div class=\"timeline-item__meta-content\">1993<\/div><\/div><h5 class=\"timeline-item__card-title\">The birth of the T84 kit<\/h5><div class=\"timeline-item__card-desc\">Alfred Barb\u00e9 designed a high-strength steel sprocket kit to provide strength and durability, and solve the second gear problem once and for all. The kit quickly became a benchmark for vintage Jeep restorers. <\/div>\t\t\t\t<\/div>\n\t\t\t\t\t\t<\/div>\n\t\t<div class=\"timeline-item__card-arrow\"><\/div>\n\t<\/div>\n\t<div class=\"timeline-item__point\"><div class=\"timeline-item__point-content timeline-item__point-content--icon\"><span class=\"jet-elements-icon\"><svg aria-hidden=\"true\" class=\"e-font-icon-svg e-fas-calendar-alt\" viewBox=\"0 0 448 512\" xmlns=\"http:\/\/www.w3.org\/2000\/svg\"><path d=\"M0 464c0 26.5 21.5 48 48 48h352c26.5 0 48-21.5 48-48V192H0v272zm320-196c0-6.6 5.4-12 12-12h40c6.6 0 12 5.4 12 12v40c0 6.6-5.4 12-12 12h-40c-6.6 0-12-5.4-12-12v-40zm0 128c0-6.6 5.4-12 12-12h40c6.6 0 12 5.4 12 12v40c0 6.6-5.4 12-12 12h-40c-6.6 0-12-5.4-12-12v-40zM192 268c0-6.6 5.4-12 12-12h40c6.6 0 12 5.4 12 12v40c0 6.6-5.4 12-12 12h-40c-6.6 0-12-5.4-12-12v-40zm0 128c0-6.6 5.4-12 12-12h40c6.6 0 12 5.4 12 12v40c0 6.6-5.4 12-12 12h-40c-6.6 0-12-5.4-12-12v-40zM64 268c0-6.6 5.4-12 12-12h40c6.6 0 12 5.4 12 12v40c0 6.6-5.4 12-12 12H76c-6.6 0-12-5.4-12-12v-40zm0 128c0-6.6 5.4-12 12-12h40c6.6 0 12 5.4 12 12v40c0 6.6-5.4 12-12 12H76c-6.6 0-12-5.4-12-12v-40zM400 64h-48V16c0-8.8-7.2-16-16-16h-32c-8.8 0-16 7.2-16 16v48H160V16c0-8.8-7.2-16-16-16h-32c-8.8 0-16 7.2-16 16v48H48C21.5 64 0 85.5 0 112v48h448v-48c0-26.5-21.5-48-48-48z\"><\/path><\/svg><\/span><\/div><\/div><div class=\"timeline-item__meta\"><div class=\"timeline-item__meta-content\">1993<\/div><\/div><\/div><div class=\"jet-timeline-item  elementor-repeater-item-31cded5 jet-timeline-item--image-inside\">\n\t<div class=\"timeline-item__card\">\n\t\t<div class=\"timeline-item__card-inner\">\n\t\t\t\t\t\t\t\t<div class=\"timeline-item__card-content\">\n\t\t\t\t\t<div class=\"timeline-item__meta\"><div class=\"timeline-item__meta-content\">2001<\/div><\/div><h5 class=\"timeline-item__card-title\">Alfred Barb\u00e9's retirement<\/h5><div class=\"timeline-item__card-desc\">After many years of dedication to the design and improvement of the T84 gearbox, Alfred Barb\u00e9 decided to take a well-deserved retirement.<\/div>\t\t\t\t<\/div>\n\t\t\t\t\t\t<\/div>\n\t\t<div class=\"timeline-item__card-arrow\"><\/div>\n\t<\/div>\n\t<div class=\"timeline-item__point\"><div class=\"timeline-item__point-content timeline-item__point-content--icon\"><span class=\"jet-elements-icon\"><svg aria-hidden=\"true\" class=\"e-font-icon-svg e-fas-calendar-alt\" viewBox=\"0 0 448 512\" xmlns=\"http:\/\/www.w3.org\/2000\/svg\"><path d=\"M0 464c0 26.5 21.5 48 48 48h352c26.5 0 48-21.5 48-48V192H0v272zm320-196c0-6.6 5.4-12 12-12h40c6.6 0 12 5.4 12 12v40c0 6.6-5.4 12-12 12h-40c-6.6 0-12-5.4-12-12v-40zm0 128c0-6.6 5.4-12 12-12h40c6.6 0 12 5.4 12 12v40c0 6.6-5.4 12-12 12h-40c-6.6 0-12-5.4-12-12v-40zM192 268c0-6.6 5.4-12 12-12h40c6.6 0 12 5.4 12 12v40c0 6.6-5.4 12-12 12h-40c-6.6 0-12-5.4-12-12v-40zm0 128c0-6.6 5.4-12 12-12h40c6.6 0 12 5.4 12 12v40c0 6.6-5.4 12-12 12h-40c-6.6 0-12-5.4-12-12v-40zM64 268c0-6.6 5.4-12 12-12h40c6.6 0 12 5.4 12 12v40c0 6.6-5.4 12-12 12H76c-6.6 0-12-5.4-12-12v-40zm0 128c0-6.6 5.4-12 12-12h40c6.6 0 12 5.4 12 12v40c0 6.6-5.4 12-12 12H76c-6.6 0-12-5.4-12-12v-40zM400 64h-48V16c0-8.8-7.2-16-16-16h-32c-8.8 0-16 7.2-16 16v48H160V16c0-8.8-7.2-16-16-16h-32c-8.8 0-16 7.2-16 16v48H48C21.5 64 0 85.5 0 112v48h448v-48c0-26.5-21.5-48-48-48z\"><\/path><\/svg><\/span><\/div><\/div><div class=\"timeline-item__meta\"><div class=\"timeline-item__meta-content\">2001<\/div><\/div><\/div><div class=\"jet-timeline-item  elementor-repeater-item-e32db8f jet-timeline-item--image-inside\">\n\t<div class=\"timeline-item__card\">\n\t\t<div class=\"timeline-item__card-inner\">\n\t\t\t\t\t\t\t\t<div class=\"timeline-item__card-content\">\n\t\t\t\t\t<div class=\"timeline-item__meta\"><div class=\"timeline-item__meta-content\">2018<\/div><\/div><h5 class=\"timeline-item__card-title\">The trade-in<\/h5><div class=\"timeline-item__card-desc\">Creation of the Barb\u00e9 Original Jeep company by Fr\u00e9d\u00e9ric Barb\u00e9, Mr Barb\u00e9's son.<br>The T84 box is taken over in its original version, with the same quality and excellence for which the T84 box is renowned.<br><b>Barb\u00e9 kit marketed in its original version.<\/b><\/div>\t\t\t\t<\/div>\n\t\t\t\t\t\t<\/div>\n\t\t<div class=\"timeline-item__card-arrow\"><\/div>\n\t<\/div>\n\t<div class=\"timeline-item__point\"><div class=\"timeline-item__point-content timeline-item__point-content--icon\"><span class=\"jet-elements-icon\"><svg aria-hidden=\"true\" class=\"e-font-icon-svg e-fas-calendar-alt\" viewBox=\"0 0 448 512\" xmlns=\"http:\/\/www.w3.org\/2000\/svg\"><path d=\"M0 464c0 26.5 21.5 48 48 48h352c26.5 0 48-21.5 48-48V192H0v272zm320-196c0-6.6 5.4-12 12-12h40c6.6 0 12 5.4 12 12v40c0 6.6-5.4 12-12 12h-40c-6.6 0-12-5.4-12-12v-40zm0 128c0-6.6 5.4-12 12-12h40c6.6 0 12 5.4 12 12v40c0 6.6-5.4 12-12 12h-40c-6.6 0-12-5.4-12-12v-40zM192 268c0-6.6 5.4-12 12-12h40c6.6 0 12 5.4 12 12v40c0 6.6-5.4 12-12 12h-40c-6.6 0-12-5.4-12-12v-40zm0 128c0-6.6 5.4-12 12-12h40c6.6 0 12 5.4 12 12v40c0 6.6-5.4 12-12 12h-40c-6.6 0-12-5.4-12-12v-40zM64 268c0-6.6 5.4-12 12-12h40c6.6 0 12 5.4 12 12v40c0 6.6-5.4 12-12 12H76c-6.6 0-12-5.4-12-12v-40zm0 128c0-6.6 5.4-12 12-12h40c6.6 0 12 5.4 12 12v40c0 6.6-5.4 12-12 12H76c-6.6 0-12-5.4-12-12v-40zM400 64h-48V16c0-8.8-7.2-16-16-16h-32c-8.8 0-16 7.2-16 16v48H160V16c0-8.8-7.2-16-16-16h-32c-8.8 0-16 7.2-16 16v48H48C21.5 64 0 85.5 0 112v48h448v-48c0-26.5-21.5-48-48-48z\"><\/path><\/svg><\/span><\/div><\/div><div class=\"timeline-item__meta\"><div class=\"timeline-item__meta-content\">2018<\/div><\/div><\/div><\/div><\/div><\/div>\t\t\t\t<\/div>\n\t\t\t\t<\/div>\n\t\t\t\t\t<\/div>\n\t\t\t\t<\/div>\n\t\t<div class=\"elementor-element elementor-element-11ad67a e-flex e-con-boxed e-con e-parent\" data-id=\"11ad67a\" data-element_type=\"container\" data-e-type=\"container\" data-settings=\"{&quot;background_background&quot;:&quot;classic&quot;,&quot;jet_parallax_layout_list&quot;:[]}\">\n\t\t\t\t\t<div class=\"e-con-inner\">\n\t\t<div class=\"elementor-element elementor-element-8a752bf e-flex e-con-boxed e-con e-child\" data-id=\"8a752bf\" data-element_type=\"container\" data-e-type=\"container\" data-settings=\"{&quot;jet_parallax_layout_list&quot;:[]}\">\n\t\t\t\t\t<div class=\"e-con-inner\">\n\t\t<div class=\"elementor-element elementor-element-aa1b0a2 e-con-full e-flex e-con e-child\" data-id=\"aa1b0a2\" data-element_type=\"container\" data-e-type=\"container\" data-settings=\"{&quot;jet_parallax_layout_list&quot;:[]}\">\n\t\t\t\t<div class=\"elementor-element elementor-element-3b53f3f animated-slow elementor-invisible elementor-widget elementor-widget-heading\" data-id=\"3b53f3f\" data-element_type=\"widget\" data-e-type=\"widget\" data-settings=\"{&quot;_animation&quot;:&quot;slideInUp&quot;}\" data-widget_type=\"heading.default\">\n\t\t\t\t\t<h2 class=\"elementor-heading-title elementor-size-default\">You wish to<\/h2>\t\t\t\t<\/div>\n\t\t\t\t<div class=\"elementor-element elementor-element-a3a70e0 animated-slow elementor-invisible elementor-widget elementor-widget-heading\" data-id=\"a3a70e0\" data-element_type=\"widget\" data-e-type=\"widget\" data-settings=\"{&quot;_animation&quot;:&quot;slideInUp&quot;}\" data-widget_type=\"heading.default\">\n\t\t\t\t\t<h2 class=\"elementor-heading-title elementor-size-default\">Buy a kit?<\/h2>\t\t\t\t<\/div>\n\t\t\t\t<div class=\"elementor-element elementor-element-67dea34 elementor-widget elementor-widget-text-editor\" data-id=\"67dea34\" data-element_type=\"widget\" data-e-type=\"widget\" data-widget_type=\"text-editor.default\">\n\t\t\t\t\t\t\t\t\t<p>or assembly information?<\/p>\t\t\t\t\t\t\t\t<\/div>\n\t\t\t\t<div data-dce-background-color=\"#911913\" class=\"elementor-element elementor-element-ccf933d elementor-widget elementor-widget-button\" data-id=\"ccf933d\" data-element_type=\"widget\" data-e-type=\"widget\" data-widget_type=\"button.default\">\n\t\t\t\t\t\t\t\t\t\t<a class=\"elementor-button elementor-button-link elementor-size-sm\" href=\"https:\/\/barbe-original-jeep.fr\/contact\/\">\n\t\t\t\t\t\t<span class=\"elementor-button-content-wrapper\">\n\t\t\t\t\t\t\t\t\t<span class=\"elementor-button-text\">Contact us!<\/span>\n\t\t\t\t\t<\/span>\n\t\t\t\t\t<\/a>\n\t\t\t\t\t\t\t\t<\/div>\n\t\t\t\t<\/div>\n\t\t\t\t\t<\/div>\n\t\t\t\t<\/div>\n\t\t\t\t\t<\/div>\n\t\t\t\t<\/div>\n\t\t\t\t<\/div>\n\t\t","protected":false},"excerpt":{"rendered":"<p>About us The history of the T84 gearbox is above all that of a passion for mechanics and authenticity, born of an observation shared by all enthusiasts of vintage Jeeps: the famous &#8220;jumping&#8221; second gear. This &#8220;Achilles&#8217; heel&#8221; of the original boxes prompted Alfred Barb\u00e9, a talented mechanic with a passion for historic vehicles, to [&hellip;]<\/p>\n","protected":false},"author":1,"featured_media":0,"parent":0,"menu_order":0,"comment_status":"closed","ping_status":"closed","template":"","meta":{"_acf_changed":false,"footnotes":""},"class_list":["post-661","page","type-page","status-publish","hentry"],"acf":[],"yoast_head":"<!-- This site is optimized with the Yoast SEO plugin v27.2 - https:\/\/yoast.com\/product\/yoast-seo-wordpress\/ -->\n<title>Who are we? | Boite de vitesses T84 Barb\u00e9<\/title>\n<meta name=\"description\" content=\"We have taken over the manufacture of the T84 Barb\u00e9 gearbox, which you can order by contacting us on our website.\" \/>\n<meta name=\"robots\" content=\"index, follow, max-snippet:-1, max-image-preview:large, max-video-preview:-1\" \/>\n<link rel=\"canonical\" href=\"https:\/\/barbe-original-jeep.fr\/en\/who-are-we\/\" \/>\n<meta property=\"og:locale\" content=\"en_US\" \/>\n<meta property=\"og:type\" content=\"article\" \/>\n<meta property=\"og:title\" content=\"Who are we? | Boite de vitesses T84 Barb\u00e9\" \/>\n<meta property=\"og:description\" content=\"We have taken over the manufacture of the T84 Barb\u00e9 gearbox, which you can order by contacting us on our website.\" \/>\n<meta property=\"og:url\" content=\"https:\/\/barbe-original-jeep.fr\/en\/who-are-we\/\" \/>\n<meta property=\"og:site_name\" content=\"Boite de vitesses\" \/>\n<meta property=\"article:modified_time\" content=\"2025-04-03T16:30:33+00:00\" \/>\n<meta property=\"og:image\" content=\"https:\/\/barbe-original-jeep.fr\/wp-content\/uploads\/2024\/09\/Photo-Barbe-recadree.jpg\" \/>\n\t<meta property=\"og:image:width\" content=\"800\" \/>\n\t<meta property=\"og:image:height\" content=\"588\" \/>\n\t<meta property=\"og:image:type\" content=\"image\/jpeg\" \/>\n<meta name=\"twitter:card\" content=\"summary_large_image\" \/>\n<meta name=\"twitter:label1\" content=\"Est. reading time\" \/>\n\t<meta name=\"twitter:data1\" content=\"1 minute\" \/>\n<!-- \/ Yoast SEO plugin. -->","yoast_head_json":{"title":"Who are we? | Boite de vitesses T84 Barb\u00e9","description":"We have taken over the manufacture of the T84 Barb\u00e9 gearbox, which you can order by contacting us on our website.","robots":{"index":"index","follow":"follow","max-snippet":"max-snippet:-1","max-image-preview":"max-image-preview:large","max-video-preview":"max-video-preview:-1"},"canonical":"https:\/\/barbe-original-jeep.fr\/en\/who-are-we\/","og_locale":"en_US","og_type":"article","og_title":"Who are we? | Boite de vitesses T84 Barb\u00e9","og_description":"We have taken over the manufacture of the T84 Barb\u00e9 gearbox, which you can order by contacting us on our website.","og_url":"https:\/\/barbe-original-jeep.fr\/en\/who-are-we\/","og_site_name":"Boite de vitesses","article_modified_time":"2025-04-03T16:30:33+00:00","og_image":[{"url":"https:\/\/barbe-original-jeep.fr\/wp-content\/uploads\/2024\/09\/Photo-Barbe-recadree.jpg","width":800,"height":588,"type":"image\/jpeg"}],"twitter_card":"summary_large_image","twitter_misc":{"Est. reading time":"1 minute"},"schema":{"@context":"https:\/\/schema.org","@graph":[{"@type":"WebPage","@id":"https:\/\/barbe-original-jeep.fr\/en\/who-are-we\/","url":"https:\/\/barbe-original-jeep.fr\/en\/who-are-we\/","name":"Who are we? | Boite de vitesses T84 Barb\u00e9","isPartOf":{"@id":"https:\/\/barbe-original-jeep.fr\/en\/#website"},"primaryImageOfPage":{"@id":"https:\/\/barbe-original-jeep.fr\/en\/who-are-we\/#primaryimage"},"image":{"@id":"https:\/\/barbe-original-jeep.fr\/en\/who-are-we\/#primaryimage"},"thumbnailUrl":"https:\/\/barbe-original-jeep.fr\/wp-content\/uploads\/2024\/09\/Photo-Barbe-recadree.jpg","datePublished":"2024-07-12T13:09:19+00:00","dateModified":"2025-04-03T16:30:33+00:00","description":"We have taken over the manufacture of the T84 Barb\u00e9 gearbox, which you can order by contacting us on our website.","breadcrumb":{"@id":"https:\/\/barbe-original-jeep.fr\/en\/who-are-we\/#breadcrumb"},"inLanguage":"en-US","potentialAction":[{"@type":"ReadAction","target":["https:\/\/barbe-original-jeep.fr\/en\/who-are-we\/"]}]},{"@type":"ImageObject","inLanguage":"en-US","@id":"https:\/\/barbe-original-jeep.fr\/en\/who-are-we\/#primaryimage","url":"https:\/\/barbe-original-jeep.fr\/wp-content\/uploads\/2024\/09\/Photo-Barbe-recadree.jpg","contentUrl":"https:\/\/barbe-original-jeep.fr\/wp-content\/uploads\/2024\/09\/Photo-Barbe-recadree.jpg"},{"@type":"BreadcrumbList","@id":"https:\/\/barbe-original-jeep.fr\/en\/who-are-we\/#breadcrumb","itemListElement":[{"@type":"ListItem","position":1,"name":"Accueil","item":"https:\/\/barbe-original-jeep.fr\/en\/original-bearded-jeep\/"},{"@type":"ListItem","position":2,"name":"Who are we?"}]},{"@type":"WebSite","@id":"https:\/\/barbe-original-jeep.fr\/en\/#website","url":"https:\/\/barbe-original-jeep.fr\/en\/","name":"Barbe originla Jeep","description":"","publisher":{"@id":"https:\/\/barbe-original-jeep.fr\/en\/#organization"},"alternateName":"Boiute de vitesse Jeep","potentialAction":[{"@type":"SearchAction","target":{"@type":"EntryPoint","urlTemplate":"https:\/\/barbe-original-jeep.fr\/en\/?s={search_term_string}"},"query-input":{"@type":"PropertyValueSpecification","valueRequired":true,"valueName":"search_term_string"}}],"inLanguage":"en-US"},{"@type":"Organization","@id":"https:\/\/barbe-original-jeep.fr\/en\/#organization","name":"Barbe originla Jeep","url":"https:\/\/barbe-original-jeep.fr\/en\/","logo":{"@type":"ImageObject","inLanguage":"en-US","@id":"https:\/\/barbe-original-jeep.fr\/en\/#\/schema\/logo\/image\/","url":"https:\/\/barbe-original-jeep.fr\/wp-content\/uploads\/2024\/06\/logo-barbebybarbe_web2.png","contentUrl":"https:\/\/barbe-original-jeep.fr\/wp-content\/uploads\/2024\/06\/logo-barbebybarbe_web2.png","width":723,"height":310,"caption":"Barbe originla Jeep"},"image":{"@id":"https:\/\/barbe-original-jeep.fr\/en\/#\/schema\/logo\/image\/"}}]}},"_links":{"self":[{"href":"https:\/\/barbe-original-jeep.fr\/en\/wp-json\/wp\/v2\/pages\/661","targetHints":{"allow":["GET"]}}],"collection":[{"href":"https:\/\/barbe-original-jeep.fr\/en\/wp-json\/wp\/v2\/pages"}],"about":[{"href":"https:\/\/barbe-original-jeep.fr\/en\/wp-json\/wp\/v2\/types\/page"}],"author":[{"embeddable":true,"href":"https:\/\/barbe-original-jeep.fr\/en\/wp-json\/wp\/v2\/users\/1"}],"replies":[{"embeddable":true,"href":"https:\/\/barbe-original-jeep.fr\/en\/wp-json\/wp\/v2\/comments?post=661"}],"version-history":[{"count":0,"href":"https:\/\/barbe-original-jeep.fr\/en\/wp-json\/wp\/v2\/pages\/661\/revisions"}],"wp:attachment":[{"href":"https:\/\/barbe-original-jeep.fr\/en\/wp-json\/wp\/v2\/media?parent=661"}],"curies":[{"name":"wp","href":"https:\/\/api.w.org\/{rel}","templated":true}]}}