{"id":642,"date":"2024-09-13T13:21:09","date_gmt":"2024-09-13T13:21:09","guid":{"rendered":"https:\/\/barbe-original-jeep.fr\/the-t84-barbe-kit\/"},"modified":"2025-04-03T16:28:11","modified_gmt":"2025-04-03T16:28:11","slug":"the-t84-barbe-kit","status":"publish","type":"page","link":"https:\/\/barbe-original-jeep.fr\/en\/the-t84-barbe-kit\/","title":{"rendered":"The T84 Barb\u00e9 kit"},"content":{"rendered":"\t\t<div data-elementor-type=\"wp-page\" data-elementor-id=\"642\" class=\"elementor elementor-642 elementor-143\" data-elementor-post-type=\"page\">\n\t\t\t\t<div class=\"elementor-element elementor-element-d251a03 e-con-full e-flex e-con e-parent\" data-id=\"d251a03\" data-element_type=\"container\" data-e-type=\"container\" data-settings=\"{&quot;background_background&quot;:&quot;classic&quot;,&quot;jet_parallax_layout_list&quot;:[]}\">\n\t\t<div class=\"elementor-element elementor-element-fe5db3b e-con-full e-flex e-con e-child\" data-id=\"fe5db3b\" data-element_type=\"container\" data-e-type=\"container\" data-settings=\"{&quot;jet_parallax_layout_list&quot;:[]}\">\n\t\t<div data-dce-background-image-url=\"https:\/\/barbe-original-jeep.fr\/wp-content\/uploads\/2024\/11\/IMGL9803.jpg\" class=\"elementor-element elementor-element-0fa4ad3 animated-slow e-con-full e-flex elementor-invisible e-con e-child\" data-id=\"0fa4ad3\" data-element_type=\"container\" data-e-type=\"container\" data-settings=\"{&quot;background_background&quot;:&quot;classic&quot;,&quot;animation&quot;:&quot;fadeInUp&quot;,&quot;animation_delay&quot;:600,&quot;jet_parallax_layout_list&quot;:[]}\">\n\t\t\t\t<\/div>\n\t\t<div class=\"elementor-element elementor-element-32cc3bd e-con-full e-flex e-con e-child\" data-id=\"32cc3bd\" data-element_type=\"container\" data-e-type=\"container\" data-settings=\"{&quot;jet_parallax_layout_list&quot;:[]}\">\n\t\t\t\t<div class=\"elementor-element elementor-element-43c559d animated-slow elementor-invisible elementor-widget elementor-widget-heading\" data-id=\"43c559d\" data-element_type=\"widget\" data-e-type=\"widget\" data-settings=\"{&quot;_animation&quot;:&quot;slideInUp&quot;}\" data-widget_type=\"heading.default\">\n\t\t\t\t\t<h2 class=\"elementor-heading-title elementor-size-default\">The T84 Barb\u00e9 kit<\/h2>\t\t\t\t<\/div>\n\t\t\t\t<\/div>\n\t\t\t\t<\/div>\n\t\t\t\t<\/div>\n\t\t<div class=\"elementor-element elementor-element-eb61b96 e-flex e-con-boxed e-con e-parent\" data-id=\"eb61b96\" data-element_type=\"container\" data-e-type=\"container\" data-settings=\"{&quot;jet_parallax_layout_list&quot;:[]}\">\n\t\t\t\t\t<div class=\"e-con-inner\">\n\t\t\t\t<div class=\"elementor-element elementor-element-21e7efb elementor-widget elementor-widget-text-editor\" data-id=\"21e7efb\" data-element_type=\"widget\" data-e-type=\"widget\" data-widget_type=\"text-editor.default\">\n\t\t\t\t\t\t\t\t\t<p><strong>The Achilles&#8217; heel of the ultimately rustic jeep, this box becomes very complicated to set up, hence the importance of precision in manufacture and assembly.<\/strong><\/p><p>The Barb\u00e9 kit was imagined and created by Mr Barb\u00e9 Alfred, a mechanic by trade.<\/p><p>His passion for mechanics, jeeps and his skills as a tuner enabled him to optimize the T84&#8217;s weak points: wear on the fixed gear bushings and the second gear that unlocks.<\/p><p>The T84 Barb\u00e9 uses modern gearbox principles, inserting bearing needles in place of bronze bushes, and an adjustable seconds fork.<\/p><p>This gearbox has become robust, reliable, precise, smooth and works like a modern manual gearbox.<\/p><ul><li>This kit meets the specifications of the original T84.<\/li><li>This kit can be installed without intruding on your sump.<\/li><\/ul>\t\t\t\t\t\t\t\t<\/div>\n\t\t\t\t<div class=\"elementor-element elementor-element-e7014fe animatetext-trigger-animation elementor-widget elementor-widget-dyncontel-animateText\" data-id=\"e7014fe\" data-element_type=\"widget\" data-e-type=\"widget\" data-settings=\"{&quot;words&quot;:[{&quot;text_word&quot;:&quot;The Barb\\u00e9 kit, a high-tech T84&quot;,&quot;_id&quot;:&quot;f827729&quot;,&quot;index&quot;:0,&quot;color_item&quot;:&quot;&quot;,&quot;typography_item_typography&quot;:&quot;&quot;,&quot;typography_item_font_family&quot;:null,&quot;typography_item_font_size&quot;:null,&quot;typography_item_font_weight&quot;:null,&quot;typography_item_text_transform&quot;:null,&quot;typography_item_font_style&quot;:null,&quot;typography_item_text_decoration&quot;:null,&quot;typography_item_line_height&quot;:null,&quot;typography_item_letter_spacing&quot;:null,&quot;typography_item_word_spacing&quot;:null}],&quot;animatetext_splittype&quot;:&quot;chars&quot;,&quot;animatetext_trigger&quot;:&quot;animation&quot;,&quot;animatetext_repeat&quot;:-1,&quot;animatetext_animationstyle_in&quot;:&quot;fading&quot;,&quot;animatetext_splitorigin_in&quot;:&quot;null&quot;,&quot;speed_animation_in&quot;:{&quot;unit&quot;:&quot;px&quot;,&quot;size&quot;:0.7,&quot;sizes&quot;:[]},&quot;amount_speed_in&quot;:{&quot;unit&quot;:&quot;px&quot;,&quot;size&quot;:1,&quot;sizes&quot;:[]},&quot;delay_animation_in&quot;:{&quot;unit&quot;:&quot;px&quot;,&quot;size&quot;:0,&quot;sizes&quot;:[]},&quot;animFrom_easing_in&quot;:&quot;easeInOut&quot;,&quot;animFrom_easing_ease_in&quot;:&quot;Power3&quot;,&quot;animatetext_animationstyle_out&quot;:&quot;fading&quot;,&quot;animatetext_splitorigin_out&quot;:&quot;null&quot;,&quot;speed_animation_out&quot;:{&quot;unit&quot;:&quot;px&quot;,&quot;size&quot;:0.7,&quot;sizes&quot;:[]},&quot;amount_speed_out&quot;:{&quot;unit&quot;:&quot;px&quot;,&quot;size&quot;:1,&quot;sizes&quot;:[]},&quot;delay_animation_out&quot;:{&quot;unit&quot;:&quot;px&quot;,&quot;size&quot;:3,&quot;sizes&quot;:[]},&quot;animFrom_easing_out&quot;:&quot;easeInOut&quot;,&quot;animFrom_easing_ease_out&quot;:&quot;Power3&quot;}\" data-widget_type=\"dyncontel-animateText.default\">\n\t\t\t\t<div class=\"elementor-widget-container\">\n\t\t\t\t\t<div class=\"dce-animated-text dce-animated-text-fading\"><\/div><div style=\"display: none;\"><div class=\"dce-animated-text-item dce-animated-text-item-0 dce-animated-text-fading\">The Barb\u00e9 kit, a high-tech T84<\/div><\/div>\t\t\t\t<\/div>\n\t\t\t\t<\/div>\n\t\t\t\t\t<\/div>\n\t\t\t\t<\/div>\n\t\t<div class=\"elementor-element elementor-element-9ac856e e-con-full e-flex e-con e-parent\" data-id=\"9ac856e\" data-element_type=\"container\" data-e-type=\"container\" data-settings=\"{&quot;jet_parallax_layout_list&quot;:[]}\">\n\t\t\t\t<div class=\"elementor-element elementor-element-0c87870 elementor-widget elementor-widget-gallery\" data-id=\"0c87870\" data-element_type=\"widget\" data-e-type=\"widget\" data-settings=\"{&quot;columns&quot;:5,&quot;aspect_ratio&quot;:&quot;4:3&quot;,&quot;columns_tablet&quot;:5,&quot;lazyload&quot;:&quot;yes&quot;,&quot;gallery_layout&quot;:&quot;grid&quot;,&quot;columns_mobile&quot;:1,&quot;gap&quot;:{&quot;unit&quot;:&quot;px&quot;,&quot;size&quot;:10,&quot;sizes&quot;:[]},&quot;gap_tablet&quot;:{&quot;unit&quot;:&quot;px&quot;,&quot;size&quot;:10,&quot;sizes&quot;:[]},&quot;gap_mobile&quot;:{&quot;unit&quot;:&quot;px&quot;,&quot;size&quot;:10,&quot;sizes&quot;:[]},&quot;overlay_background&quot;:&quot;yes&quot;,&quot;content_hover_animation&quot;:&quot;fade-in&quot;}\" data-widget_type=\"gallery.default\">\n\t\t\t\t\t\t\t<div class=\"elementor-gallery__container\">\n\t\t\t\t\t\t\t<div class=\"e-gallery-item elementor-gallery-item elementor-animated-content\">\n\t\t\t\t\t<div class=\"e-gallery-image elementor-gallery-item__image\" data-thumbnail=\"https:\/\/barbe-original-jeep.fr\/wp-content\/uploads\/2024\/11\/IMGL9781-1024x683.jpg\" data-width=\"800\" data-height=\"534\" aria-label=\"\" role=\"img\" ><\/div>\n\t\t\t\t\t\t\t\t\t\t\t<div class=\"elementor-gallery-item__overlay\"><\/div>\n\t\t\t\t\t\t\t\t\t\t\t\t\t\t<\/div>\n\t\t\t\t\t\t\t<div class=\"e-gallery-item elementor-gallery-item elementor-animated-content\">\n\t\t\t\t\t<div class=\"e-gallery-image elementor-gallery-item__image\" data-thumbnail=\"https:\/\/barbe-original-jeep.fr\/wp-content\/uploads\/2025\/02\/IMG_1033-1024x747.png\" data-width=\"800\" data-height=\"584\" aria-label=\"\" role=\"img\" ><\/div>\n\t\t\t\t\t\t\t\t\t\t\t<div class=\"elementor-gallery-item__overlay\"><\/div>\n\t\t\t\t\t\t\t\t\t\t\t\t\t\t<\/div>\n\t\t\t\t\t\t\t<div class=\"e-gallery-item elementor-gallery-item elementor-animated-content\">\n\t\t\t\t\t<div class=\"e-gallery-image elementor-gallery-item__image\" data-thumbnail=\"https:\/\/barbe-original-jeep.fr\/wp-content\/uploads\/2024\/11\/IMGL9789-1-1024x768.jpg\" data-width=\"800\" data-height=\"600\" aria-label=\"\" role=\"img\" ><\/div>\n\t\t\t\t\t\t\t\t\t\t\t<div class=\"elementor-gallery-item__overlay\"><\/div>\n\t\t\t\t\t\t\t\t\t\t\t\t\t\t<\/div>\n\t\t\t\t\t\t\t<div class=\"e-gallery-item elementor-gallery-item elementor-animated-content\">\n\t\t\t\t\t<div class=\"e-gallery-image elementor-gallery-item__image\" data-thumbnail=\"https:\/\/barbe-original-jeep.fr\/wp-content\/uploads\/2024\/11\/IMGL9798-1-1024x768.jpg\" data-width=\"800\" data-height=\"600\" aria-label=\"\" role=\"img\" ><\/div>\n\t\t\t\t\t\t\t\t\t\t\t<div class=\"elementor-gallery-item__overlay\"><\/div>\n\t\t\t\t\t\t\t\t\t\t\t\t\t\t<\/div>\n\t\t\t\t\t\t\t<div class=\"e-gallery-item elementor-gallery-item elementor-animated-content\">\n\t\t\t\t\t<div class=\"e-gallery-image elementor-gallery-item__image\" data-thumbnail=\"https:\/\/barbe-original-jeep.fr\/wp-content\/uploads\/2025\/02\/IMG_1023-1024x721.png\" data-width=\"800\" data-height=\"563\" aria-label=\"\" role=\"img\" ><\/div>\n\t\t\t\t\t\t\t\t\t\t\t<div class=\"elementor-gallery-item__overlay\"><\/div>\n\t\t\t\t\t\t\t\t\t\t\t\t\t\t<\/div>\n\t\t\t\t\t<\/div>\n\t\t\t\t\t<\/div>\n\t\t\t\t<\/div>\n\t\t<div class=\"elementor-element elementor-element-6fbe516 e-flex e-con-boxed e-con e-parent\" data-id=\"6fbe516\" data-element_type=\"container\" data-e-type=\"container\" data-settings=\"{&quot;background_background&quot;:&quot;classic&quot;,&quot;jet_parallax_layout_list&quot;:[]}\">\n\t\t\t\t\t<div class=\"e-con-inner\">\n\t\t<div class=\"elementor-element elementor-element-4ea7fce e-flex e-con-boxed e-con e-child\" data-id=\"4ea7fce\" data-element_type=\"container\" data-e-type=\"container\" data-settings=\"{&quot;jet_parallax_layout_list&quot;:[]}\">\n\t\t\t\t\t<div class=\"e-con-inner\">\n\t\t<div class=\"elementor-element elementor-element-2b48d31 e-con-full e-flex e-con e-child\" data-id=\"2b48d31\" data-element_type=\"container\" data-e-type=\"container\" data-settings=\"{&quot;jet_parallax_layout_list&quot;:[]}\">\n\t\t\t\t<div class=\"elementor-element elementor-element-514008c animated-slow elementor-invisible elementor-widget elementor-widget-heading\" data-id=\"514008c\" data-element_type=\"widget\" data-e-type=\"widget\" data-settings=\"{&quot;_animation&quot;:&quot;slideInUp&quot;}\" data-widget_type=\"heading.default\">\n\t\t\t\t\t<h2 class=\"elementor-heading-title elementor-size-default\">You wish to<\/h2>\t\t\t\t<\/div>\n\t\t\t\t<div class=\"elementor-element elementor-element-783df3e animated-slow elementor-invisible elementor-widget elementor-widget-heading\" data-id=\"783df3e\" data-element_type=\"widget\" data-e-type=\"widget\" data-settings=\"{&quot;_animation&quot;:&quot;slideInUp&quot;}\" data-widget_type=\"heading.default\">\n\t\t\t\t\t<h2 class=\"elementor-heading-title elementor-size-default\">Buy a kit?<\/h2>\t\t\t\t<\/div>\n\t\t\t\t<div class=\"elementor-element elementor-element-c8b9aa0 elementor-widget elementor-widget-text-editor\" data-id=\"c8b9aa0\" data-element_type=\"widget\" data-e-type=\"widget\" data-widget_type=\"text-editor.default\">\n\t\t\t\t\t\t\t\t\t<p>or assembly information?<\/p>\t\t\t\t\t\t\t\t<\/div>\n\t\t\t\t<div data-dce-background-color=\"#911913\" class=\"elementor-element elementor-element-be73346 elementor-widget elementor-widget-button\" data-id=\"be73346\" data-element_type=\"widget\" data-e-type=\"widget\" data-widget_type=\"button.default\">\n\t\t\t\t\t\t\t\t\t\t<a class=\"elementor-button elementor-button-link elementor-size-sm\" href=\"https:\/\/barbe-original-jeep.fr\/contact\/\">\n\t\t\t\t\t\t<span class=\"elementor-button-content-wrapper\">\n\t\t\t\t\t\t\t\t\t<span class=\"elementor-button-text\">Contact us!<\/span>\n\t\t\t\t\t<\/span>\n\t\t\t\t\t<\/a>\n\t\t\t\t\t\t\t\t<\/div>\n\t\t\t\t<\/div>\n\t\t\t\t\t<\/div>\n\t\t\t\t<\/div>\n\t\t\t\t\t<\/div>\n\t\t\t\t<\/div>\n\t\t\t\t<\/div>\n\t\t","protected":false},"excerpt":{"rendered":"<p>The Achilles&#8217; heel of the ultimately rustic jeep, this box becomes very complicated to set up, hence the importance of precision in manufacture and assembly. The Barb\u00e9 kit was imagined and created by Mr Barb\u00e9 Alfred, a mechanic by trade. His passion for mechanics, jeeps and his skills as a tuner enabled him to optimize [&hellip;]<\/p>\n","protected":false},"author":1,"featured_media":0,"parent":0,"menu_order":0,"comment_status":"closed","ping_status":"closed","template":"","meta":{"_acf_changed":false,"footnotes":""},"class_list":["post-642","page","type-page","status-publish","hentry"],"acf":[],"yoast_head":"<!-- This site is optimized with the Yoast SEO plugin v27.2 - https:\/\/yoast.com\/product\/yoast-seo-wordpress\/ -->\n<title>The T84 Barb\u00e9 kit | Boite de vitesses<\/title>\n<meta name=\"description\" content=\"The T84 Barb\u00e9 kit for your Jeep. Order your T84 Barb\u00e9 kit to replace it on your Jeep, and find out how to fit it.\" \/>\n<meta name=\"robots\" content=\"index, follow, max-snippet:-1, max-image-preview:large, max-video-preview:-1\" \/>\n<link rel=\"canonical\" href=\"https:\/\/barbe-original-jeep.fr\/en\/the-t84-barbe-kit\/\" \/>\n<meta property=\"og:locale\" content=\"en_US\" \/>\n<meta property=\"og:type\" content=\"article\" \/>\n<meta property=\"og:title\" content=\"The T84 Barb\u00e9 kit | Boite de vitesses\" \/>\n<meta property=\"og:description\" content=\"The T84 Barb\u00e9 kit for your Jeep. Order your T84 Barb\u00e9 kit to replace it on your Jeep, and find out how to fit it.\" \/>\n<meta property=\"og:url\" content=\"https:\/\/barbe-original-jeep.fr\/en\/the-t84-barbe-kit\/\" \/>\n<meta property=\"og:site_name\" content=\"Boite de vitesses\" \/>\n<meta property=\"article:modified_time\" content=\"2025-04-03T16:28:11+00:00\" \/>\n<meta name=\"twitter:card\" content=\"summary_large_image\" \/>\n<meta name=\"twitter:label1\" content=\"Est. reading time\" \/>\n\t<meta name=\"twitter:data1\" content=\"1 minute\" \/>\n<!-- \/ Yoast SEO plugin. -->","yoast_head_json":{"title":"The T84 Barb\u00e9 kit | Boite de vitesses","description":"The T84 Barb\u00e9 kit for your Jeep. Order your T84 Barb\u00e9 kit to replace it on your Jeep, and find out how to fit it.","robots":{"index":"index","follow":"follow","max-snippet":"max-snippet:-1","max-image-preview":"max-image-preview:large","max-video-preview":"max-video-preview:-1"},"canonical":"https:\/\/barbe-original-jeep.fr\/en\/the-t84-barbe-kit\/","og_locale":"en_US","og_type":"article","og_title":"The T84 Barb\u00e9 kit | Boite de vitesses","og_description":"The T84 Barb\u00e9 kit for your Jeep. Order your T84 Barb\u00e9 kit to replace it on your Jeep, and find out how to fit it.","og_url":"https:\/\/barbe-original-jeep.fr\/en\/the-t84-barbe-kit\/","og_site_name":"Boite de vitesses","article_modified_time":"2025-04-03T16:28:11+00:00","twitter_card":"summary_large_image","twitter_misc":{"Est. reading time":"1 minute"},"schema":{"@context":"https:\/\/schema.org","@graph":[{"@type":"WebPage","@id":"https:\/\/barbe-original-jeep.fr\/en\/the-t84-barbe-kit\/","url":"https:\/\/barbe-original-jeep.fr\/en\/the-t84-barbe-kit\/","name":"The T84 Barb\u00e9 kit | Boite de vitesses","isPartOf":{"@id":"https:\/\/barbe-original-jeep.fr\/en\/#website"},"datePublished":"2024-09-13T13:21:09+00:00","dateModified":"2025-04-03T16:28:11+00:00","description":"The T84 Barb\u00e9 kit for your Jeep. Order your T84 Barb\u00e9 kit to replace it on your Jeep, and find out how to fit it.","breadcrumb":{"@id":"https:\/\/barbe-original-jeep.fr\/en\/the-t84-barbe-kit\/#breadcrumb"},"inLanguage":"en-US","potentialAction":[{"@type":"ReadAction","target":["https:\/\/barbe-original-jeep.fr\/en\/the-t84-barbe-kit\/"]}]},{"@type":"BreadcrumbList","@id":"https:\/\/barbe-original-jeep.fr\/en\/the-t84-barbe-kit\/#breadcrumb","itemListElement":[{"@type":"ListItem","position":1,"name":"Accueil","item":"https:\/\/barbe-original-jeep.fr\/en\/original-bearded-jeep\/"},{"@type":"ListItem","position":2,"name":"The T84 Barb\u00e9 kit"}]},{"@type":"WebSite","@id":"https:\/\/barbe-original-jeep.fr\/en\/#website","url":"https:\/\/barbe-original-jeep.fr\/en\/","name":"Barbe originla Jeep","description":"","publisher":{"@id":"https:\/\/barbe-original-jeep.fr\/en\/#organization"},"alternateName":"Boiute de vitesse Jeep","potentialAction":[{"@type":"SearchAction","target":{"@type":"EntryPoint","urlTemplate":"https:\/\/barbe-original-jeep.fr\/en\/?s={search_term_string}"},"query-input":{"@type":"PropertyValueSpecification","valueRequired":true,"valueName":"search_term_string"}}],"inLanguage":"en-US"},{"@type":"Organization","@id":"https:\/\/barbe-original-jeep.fr\/en\/#organization","name":"Barbe originla Jeep","url":"https:\/\/barbe-original-jeep.fr\/en\/","logo":{"@type":"ImageObject","inLanguage":"en-US","@id":"https:\/\/barbe-original-jeep.fr\/en\/#\/schema\/logo\/image\/","url":"https:\/\/barbe-original-jeep.fr\/wp-content\/uploads\/2024\/06\/logo-barbebybarbe_web2.png","contentUrl":"https:\/\/barbe-original-jeep.fr\/wp-content\/uploads\/2024\/06\/logo-barbebybarbe_web2.png","width":723,"height":310,"caption":"Barbe originla Jeep"},"image":{"@id":"https:\/\/barbe-original-jeep.fr\/en\/#\/schema\/logo\/image\/"}}]}},"_links":{"self":[{"href":"https:\/\/barbe-original-jeep.fr\/en\/wp-json\/wp\/v2\/pages\/642","targetHints":{"allow":["GET"]}}],"collection":[{"href":"https:\/\/barbe-original-jeep.fr\/en\/wp-json\/wp\/v2\/pages"}],"about":[{"href":"https:\/\/barbe-original-jeep.fr\/en\/wp-json\/wp\/v2\/types\/page"}],"author":[{"embeddable":true,"href":"https:\/\/barbe-original-jeep.fr\/en\/wp-json\/wp\/v2\/users\/1"}],"replies":[{"embeddable":true,"href":"https:\/\/barbe-original-jeep.fr\/en\/wp-json\/wp\/v2\/comments?post=642"}],"version-history":[{"count":0,"href":"https:\/\/barbe-original-jeep.fr\/en\/wp-json\/wp\/v2\/pages\/642\/revisions"}],"wp:attachment":[{"href":"https:\/\/barbe-original-jeep.fr\/en\/wp-json\/wp\/v2\/media?parent=642"}],"curies":[{"name":"wp","href":"https:\/\/api.w.org\/{rel}","templated":true}]}}